{"id":1635,"date":"2019-02-12T19:31:31","date_gmt":"2019-02-12T19:31:31","guid":{"rendered":"https:\/\/colibriwp-work.colibriwp.com\/sushi\/?page_id=697"},"modified":"2026-04-08T16:10:11","modified_gmt":"2026-04-08T16:10:11","slug":"menu","status":"publish","type":"page","link":"https:\/\/peppersack.ee\/fi\/menu\/","title":{"rendered":"Menu"},"content":{"rendered":"<div data-colibri-id=\"1635-c1\" class=\"style-601 style-local-1635-c1 position-relative\">\n  <!---->\n  <div data-colibri-component=\"section\" data-colibri-id=\"1635-c2\" id=\"rolls\" class=\"h-section h-section-global-spacing d-flex align-items-lg-center align-items-md-center align-items-center style-630 style-local-1635-c2 position-relative\">\n    <!---->\n    <!---->\n    <div class=\"h-section-grid-container h-section-fluid-container\">\n      <!---->\n      <div data-colibri-id=\"1635-c3\" class=\"h-row-container gutters-row-lg-0 gutters-row-md-0 gutters-row-0 gutters-row-v-lg-0 gutters-row-v-md-0 gutters-row-v-0 style-1210 style-local-1635-c3 position-relative\">\n        <!---->\n        <div class=\"h-row justify-content-lg-center justify-content-md-center justify-content-center align-items-lg-stretch align-items-md-stretch align-items-stretch gutters-col-lg-0 gutters-col-md-0 gutters-col-0 gutters-col-v-lg-0 gutters-col-v-md-0 gutters-col-v-0\">\n          <!---->\n          <div class=\"h-column h-column-container d-flex h-col-lg-auto h-col-md-auto h-col-auto style-1211-outer style-local-1635-c4-outer\">\n            <div data-colibri-id=\"1635-c4\" class=\"d-flex h-flex-basis h-column__inner h-px-lg-0 h-px-md-0 h-px-0 v-inner-lg-0 v-inner-md-0 v-inner-0 style-1211 style-local-1635-c4 position-relative\">\n              <!---->\n              <!---->\n              <div class=\"w-100 h-y-container h-column__content h-column__v-align flex-basis-100 align-self-lg-start align-self-md-start align-self-start\">\n                <!---->\n                <div data-colibri-id=\"1635-c5\" class=\"h-text h-text-component style-1212 style-local-1635-c5 position-relative h-element\">\n                  <!---->\n                  <!---->\n                  <div class=\"\">\n                    <p>Ravintola: Ma-To 17:00-23:00, Pe-Su 12:00-23:00 +372 646 6996<\/p>\n                    <p>Kahvila: Ma-Pe 09:00-17:00, La-Su 10:00-18:00 +372 646 6995<\/p>\n                  <\/div>\n                <\/div>\n              <\/div>\n            <\/div>\n          <\/div>\n        <\/div>\n      <\/div>\n    <\/div>\n  <\/div>\n  <div data-colibri-component=\"section\" data-colibri-id=\"1635-c6\" id=\"blank\" class=\"h-section h-section-global-spacing d-flex align-items-lg-center align-items-md-center align-items-center style-1336 style-local-1635-c6 position-relative\">\n    <!---->\n    <!---->\n    <div class=\"h-separator\" style=\"height: 100px; bottom: calc(0px);\">\n      <svg style=\"fill:rgb(174, 24, 33);transform:rotateX(180deg);\" xmlns=\"http:\/\/www.w3.org\/2000\/svg\" viewBox=\"0 0 1000 20\" preserveAspectRatio=\"none\">\n        <path class=\"svg-white-bg\" d=\"M0,0v3c0,0,393.8,0,483.4,0c9.2,0,16.6,7.4,16.6,16.6c0-9.1,7.4-16.6,16.6-16.6C606.2,3,1000,3,1000,3V0H0z\"><\/path>\n      <\/svg>\n    <\/div>\n    <div class=\"h-section-grid-container h-section-fluid-container\">\n      <!---->\n      <div data-colibri-id=\"1635-c7\" class=\"h-row-container gutters-row-lg-2 gutters-row-md-2 gutters-row-0 gutters-row-v-lg-2 gutters-row-v-md-2 gutters-row-v-2 style-1337 style-local-1635-c7 position-relative\">\n        <!---->\n        <div class=\"h-row justify-content-lg-center justify-content-md-center justify-content-center align-items-lg-stretch align-items-md-stretch align-items-stretch gutters-col-lg-2 gutters-col-md-2 gutters-col-0 gutters-col-v-lg-2 gutters-col-v-md-2 gutters-col-v-2\">\n          <!---->\n          <div class=\"h-column h-column-container d-flex h-col-lg-auto h-col-md-auto h-col-auto style-1338-outer style-local-1635-c8-outer\">\n            <div data-colibri-id=\"1635-c8\" class=\"d-flex h-flex-basis h-column__inner h-px-lg-2 h-px-md-2 h-px-2 v-inner-lg-2 v-inner-md-2 v-inner-2 style-1338 style-local-1635-c8 position-relative\">\n              <!---->\n              <!---->\n              <div class=\"w-100 h-y-container h-column__content h-column__v-align flex-basis-100 align-self-lg-start align-self-md-start align-self-start\">\n                <!---->\n                <div data-colibri-component=\"tabs\" data-colibri-id=\"1635-c9\" class=\"h-tabs h-tabs-horizontal h-tabs--horizontal--auto-lg h-tabs--horizontal--auto-md h-tabs--horizontal--full h-tabs h-tabs-horizontal h-tabs--horizontal--auto-lg h-tabs--horizontal--auto-md h-tabs--horizontal--full style-1344 style-local-1635-c9 position-relative h-element\">\n                  <!---->\n                  <div class=\"h-tabs-navigation d-flex h-tabs-navigation-horizontal\">\n                    <a href=\"#a-la-carte\" class=\"h-tabs-navigation-item d-flex align-items-center h-global-transition h-tabs-navigation-active-item h-custom-active-state\" rel=\"#a-la-carte\">\n                      <!----><span class=\"h-tabs-navigation-item__text\">A la Carte<\/span><\/a>\n                    <a href=\"#juomia\" class=\"h-tabs-navigation-item d-flex align-items-center h-global-transition\" rel=\"#juomia\">\n                      <!----><span class=\"h-tabs-navigation-item__text\">juomia<\/span><\/a>\n                    <a href=\"#lounas-ma-to\" class=\"h-tabs-navigation-item d-flex align-items-center h-global-transition\" rel=\"#lounas-ma-to\">\n                      <!----><span class=\"h-tabs-navigation-item__text\">Lounas (Ma-To)<\/span><\/a>\n                  <\/div>\n                  <div id=\"a-la-carte\" skip-smooth-scroll=\"true\" skip-scroll-spy=\"true\" data-colibri-id=\"1635-c16\" class=\"h-tabs-item-content h-tabs-item h-tabs-content-horizontal h-tabs-content-1635-c16 style-1527 style-local-1635-c16 position-relative h-element h-tabs-content-active\">\n                    <!---->\n                    <div class=\"w-100 h-y-container\">\n                      <!---->\n                      <div data-colibri-id=\"1635-c17\" class=\"h-text h-text-component style-1528 style-local-1635-c17 position-relative h-element\">\n                        <!---->\n                        <!---->\n                        <div class=\"\">\n                          <p><span style=\"color: rgb(0, 0, 0);\">Kysy henkil\u00f6kunnaltamme tietoa allergeeneista<\/span><\/p>\n                        <\/div>\n                      <\/div>\n                      <div data-colibri-id=\"1635-c18\" class=\"d-block style-1529 style-local-1635-c18 position-relative h-element\">\n                        <!---->\n                        <div class=\"h-image__frame-container-outer\">\n                          <div class=\"h-image__frame-container\">\n                            <!---->\n                            <!---->\n                            <img loading=\"lazy\" decoding=\"async\" width=\"1242\" height=\"1755\" src=\"https:\/\/peppersack.ee\/fi\/wp-content\/uploads\/2026\/04\/Peppersack_AlaCarte_Menu_A4_EngFin_2026_v4_separate-export-01.png\" class=\"wp-image-5033 style-1529-image style-local-1635-c18-image\" alt=\"\" srcset=\"https:\/\/peppersack.ee\/fi\/wp-content\/uploads\/2026\/04\/Peppersack_AlaCarte_Menu_A4_EngFin_2026_v4_separate-export-01.png 1242w, https:\/\/peppersack.ee\/fi\/wp-content\/uploads\/2026\/04\/Peppersack_AlaCarte_Menu_A4_EngFin_2026_v4_separate-export-01-212x300.png 212w, https:\/\/peppersack.ee\/fi\/wp-content\/uploads\/2026\/04\/Peppersack_AlaCarte_Menu_A4_EngFin_2026_v4_separate-export-01-725x1024.png 725w, https:\/\/peppersack.ee\/fi\/wp-content\/uploads\/2026\/04\/Peppersack_AlaCarte_Menu_A4_EngFin_2026_v4_separate-export-01-768x1085.png 768w, https:\/\/peppersack.ee\/fi\/wp-content\/uploads\/2026\/04\/Peppersack_AlaCarte_Menu_A4_EngFin_2026_v4_separate-export-01-1087x1536.png 1087w\" sizes=\"auto, (max-width: 1242px) 100vw, 1242px\" \/>\n                            <div class=\"h-image__frame h-hide-lg h-hide-md h-hide-sm style-1529-frameImage style-local-1635-c18-frameImage\"><\/div>\n                          <\/div>\n                        <\/div>\n                      <\/div>\n                      <div data-colibri-id=\"1635-c19\" class=\"d-block style-1529 style-local-1635-c19 position-relative h-element\">\n                        <!---->\n                        <div class=\"h-image__frame-container-outer\">\n                          <div class=\"h-image__frame-container\">\n                            <!---->\n                            <!---->\n                            <img loading=\"lazy\" decoding=\"async\" width=\"1241\" height=\"1755\" src=\"https:\/\/peppersack.ee\/fi\/wp-content\/uploads\/2026\/04\/Peppersack_AlaCarte_Menu_A4_EngFin_2026_v4_separate-export-02.png\" class=\"wp-image-5034 style-1529-image style-local-1635-c19-image\" alt=\"\" srcset=\"https:\/\/peppersack.ee\/fi\/wp-content\/uploads\/2026\/04\/Peppersack_AlaCarte_Menu_A4_EngFin_2026_v4_separate-export-02.png 1241w, https:\/\/peppersack.ee\/fi\/wp-content\/uploads\/2026\/04\/Peppersack_AlaCarte_Menu_A4_EngFin_2026_v4_separate-export-02-212x300.png 212w, https:\/\/peppersack.ee\/fi\/wp-content\/uploads\/2026\/04\/Peppersack_AlaCarte_Menu_A4_EngFin_2026_v4_separate-export-02-724x1024.png 724w, https:\/\/peppersack.ee\/fi\/wp-content\/uploads\/2026\/04\/Peppersack_AlaCarte_Menu_A4_EngFin_2026_v4_separate-export-02-768x1086.png 768w, https:\/\/peppersack.ee\/fi\/wp-content\/uploads\/2026\/04\/Peppersack_AlaCarte_Menu_A4_EngFin_2026_v4_separate-export-02-1086x1536.png 1086w\" sizes=\"auto, (max-width: 1241px) 100vw, 1241px\" \/>\n                            <div class=\"h-image__frame h-hide-lg h-hide-md h-hide-sm style-1529-frameImage style-local-1635-c19-frameImage\"><\/div>\n                          <\/div>\n                        <\/div>\n                      <\/div>\n                      <div data-colibri-id=\"1635-c20\" class=\"d-block style-1529 style-local-1635-c20 position-relative h-element\">\n                        <!---->\n                        <div class=\"h-image__frame-container-outer\">\n                          <div class=\"h-image__frame-container\">\n                            <!---->\n                            <!---->\n                            <img loading=\"lazy\" decoding=\"async\" width=\"1242\" height=\"1755\" src=\"https:\/\/peppersack.ee\/fi\/wp-content\/uploads\/2026\/04\/Peppersack_AlaCarte_Menu_A4_EngFin_2026_v4_separate-export-03.png\" class=\"wp-image-5035 style-1529-image style-local-1635-c20-image\" alt=\"\" srcset=\"https:\/\/peppersack.ee\/fi\/wp-content\/uploads\/2026\/04\/Peppersack_AlaCarte_Menu_A4_EngFin_2026_v4_separate-export-03.png 1242w, https:\/\/peppersack.ee\/fi\/wp-content\/uploads\/2026\/04\/Peppersack_AlaCarte_Menu_A4_EngFin_2026_v4_separate-export-03-212x300.png 212w, https:\/\/peppersack.ee\/fi\/wp-content\/uploads\/2026\/04\/Peppersack_AlaCarte_Menu_A4_EngFin_2026_v4_separate-export-03-725x1024.png 725w, https:\/\/peppersack.ee\/fi\/wp-content\/uploads\/2026\/04\/Peppersack_AlaCarte_Menu_A4_EngFin_2026_v4_separate-export-03-768x1085.png 768w, https:\/\/peppersack.ee\/fi\/wp-content\/uploads\/2026\/04\/Peppersack_AlaCarte_Menu_A4_EngFin_2026_v4_separate-export-03-1087x1536.png 1087w\" sizes=\"auto, (max-width: 1242px) 100vw, 1242px\" \/>\n                            <div class=\"h-image__frame h-hide-lg h-hide-md h-hide-sm style-1529-frameImage style-local-1635-c20-frameImage\"><\/div>\n                          <\/div>\n                        <\/div>\n                      <\/div>\n                      <div data-colibri-id=\"1635-c21\" class=\"d-block style-1529 style-local-1635-c21 position-relative h-element\">\n                        <!---->\n                        <div class=\"h-image__frame-container-outer\">\n                          <div class=\"h-image__frame-container\">\n                            <!---->\n                            <!---->\n                            <img loading=\"lazy\" decoding=\"async\" width=\"1241\" height=\"1755\" src=\"https:\/\/peppersack.ee\/fi\/wp-content\/uploads\/2026\/04\/Peppersack_AlaCarte_Menu_A4_EngFin_2026_v4_separate-export-04.png\" class=\"wp-image-5036 style-1529-image style-local-1635-c21-image\" alt=\"\" srcset=\"https:\/\/peppersack.ee\/fi\/wp-content\/uploads\/2026\/04\/Peppersack_AlaCarte_Menu_A4_EngFin_2026_v4_separate-export-04.png 1241w, https:\/\/peppersack.ee\/fi\/wp-content\/uploads\/2026\/04\/Peppersack_AlaCarte_Menu_A4_EngFin_2026_v4_separate-export-04-212x300.png 212w, https:\/\/peppersack.ee\/fi\/wp-content\/uploads\/2026\/04\/Peppersack_AlaCarte_Menu_A4_EngFin_2026_v4_separate-export-04-724x1024.png 724w, https:\/\/peppersack.ee\/fi\/wp-content\/uploads\/2026\/04\/Peppersack_AlaCarte_Menu_A4_EngFin_2026_v4_separate-export-04-768x1086.png 768w, https:\/\/peppersack.ee\/fi\/wp-content\/uploads\/2026\/04\/Peppersack_AlaCarte_Menu_A4_EngFin_2026_v4_separate-export-04-1086x1536.png 1086w\" sizes=\"auto, (max-width: 1241px) 100vw, 1241px\" \/>\n                            <div class=\"h-image__frame h-hide-lg h-hide-md h-hide-sm style-1529-frameImage style-local-1635-c21-frameImage\"><\/div>\n                          <\/div>\n                        <\/div>\n                      <\/div>\n                    <\/div>\n                  <\/div>\n                  <div id=\"juomia\" skip-smooth-scroll=\"true\" skip-scroll-spy=\"true\" data-colibri-id=\"1635-c22\" class=\"h-tabs-item-content h-tabs-item h-tabs-content-horizontal h-tabs-content-1635-c22 style-1524 style-local-1635-c22 position-relative h-element hide\">\n                    <!---->\n                    <div class=\"w-100 h-y-container\">\n                      <!---->\n                      <div data-colibri-id=\"1635-c23\" class=\"h-text h-text-component style-1525 style-local-1635-c23 position-relative h-element\">\n                        <!---->\n                        <!---->\n                        <div class=\"\">\n                          <p><span style=\"font-weight: 400; font-size: 16px; font-family: Lato; color: rgb(0, 0, 0);\">Kysy henkil\u00f6kunnaltamme tietoa allergeeneista<\/span><\/p>\n                        <\/div>\n                      <\/div>\n                      <div data-colibri-id=\"1635-c24\" class=\"d-block style-1526 style-local-1635-c24 position-relative h-element\">\n                        <!---->\n                        <div class=\"h-image__frame-container-outer\">\n                          <div class=\"h-image__frame-container\">\n                            <!---->\n                            <!---->\n                            <img loading=\"lazy\" decoding=\"async\" width=\"597\" height=\"843\" src=\"https:\/\/peppersack.ee\/fi\/wp-content\/uploads\/2024\/11\/Peppersack_Joogikaart_lk1.png\" class=\"wp-image-4651 style-1526-image style-local-1635-c24-image\" alt=\"\" srcset=\"https:\/\/peppersack.ee\/fi\/wp-content\/uploads\/2024\/11\/Peppersack_Joogikaart_lk1.png 597w, https:\/\/peppersack.ee\/fi\/wp-content\/uploads\/2024\/11\/Peppersack_Joogikaart_lk1-212x300.png 212w\" sizes=\"auto, (max-width: 597px) 100vw, 597px\" \/>\n                            <div class=\"h-image__frame h-hide-lg h-hide-md h-hide-sm style-1526-frameImage style-local-1635-c24-frameImage\"><\/div>\n                          <\/div>\n                        <\/div>\n                      <\/div>\n                      <div data-colibri-id=\"1635-c25\" class=\"d-block style-1526 style-local-1635-c25 position-relative h-element\">\n                        <!---->\n                        <div class=\"h-image__frame-container-outer\">\n                          <div class=\"h-image__frame-container\">\n                            <!---->\n                            <!---->\n                            <img loading=\"lazy\" decoding=\"async\" width=\"595\" height=\"843\" src=\"https:\/\/peppersack.ee\/fi\/wp-content\/uploads\/2024\/11\/Peppersack_Joogikaart_lk2.png\" class=\"wp-image-4652 style-1526-image style-local-1635-c25-image\" alt=\"\" srcset=\"https:\/\/peppersack.ee\/fi\/wp-content\/uploads\/2024\/11\/Peppersack_Joogikaart_lk2.png 595w, https:\/\/peppersack.ee\/fi\/wp-content\/uploads\/2024\/11\/Peppersack_Joogikaart_lk2-212x300.png 212w\" sizes=\"auto, (max-width: 595px) 100vw, 595px\" \/>\n                            <div class=\"h-image__frame h-hide-lg h-hide-md h-hide-sm style-1526-frameImage style-local-1635-c25-frameImage\"><\/div>\n                          <\/div>\n                        <\/div>\n                      <\/div>\n                      <div data-colibri-id=\"1635-c26\" class=\"d-block style-1526 style-local-1635-c26 position-relative h-element\">\n                        <!---->\n                        <div class=\"h-image__frame-container-outer\">\n                          <div class=\"h-image__frame-container\">\n                            <!---->\n                            <!---->\n                            <img loading=\"lazy\" decoding=\"async\" width=\"596\" height=\"843\" src=\"https:\/\/peppersack.ee\/fi\/wp-content\/uploads\/2024\/11\/Peppersack_Joogikaart_lk3.png\" class=\"wp-image-4653 style-1526-image style-local-1635-c26-image\" alt=\"\" srcset=\"https:\/\/peppersack.ee\/fi\/wp-content\/uploads\/2024\/11\/Peppersack_Joogikaart_lk3.png 596w, https:\/\/peppersack.ee\/fi\/wp-content\/uploads\/2024\/11\/Peppersack_Joogikaart_lk3-212x300.png 212w\" sizes=\"auto, (max-width: 596px) 100vw, 596px\" \/>\n                            <div class=\"h-image__frame h-hide-lg h-hide-md h-hide-sm style-1526-frameImage style-local-1635-c26-frameImage\"><\/div>\n                          <\/div>\n                        <\/div>\n                      <\/div>\n                      <div data-colibri-id=\"1635-c27\" class=\"d-block style-1526 style-local-1635-c27 position-relative h-element\">\n                        <!---->\n                        <div class=\"h-image__frame-container-outer\">\n                          <div class=\"h-image__frame-container\">\n                            <!---->\n                            <!---->\n                            <img loading=\"lazy\" decoding=\"async\" width=\"596\" height=\"843\" src=\"https:\/\/peppersack.ee\/fi\/wp-content\/uploads\/2024\/11\/Peppersack_Joogikaart_lk4.png\" class=\"wp-image-4654 style-1526-image style-local-1635-c27-image\" alt=\"\" srcset=\"https:\/\/peppersack.ee\/fi\/wp-content\/uploads\/2024\/11\/Peppersack_Joogikaart_lk4.png 596w, https:\/\/peppersack.ee\/fi\/wp-content\/uploads\/2024\/11\/Peppersack_Joogikaart_lk4-212x300.png 212w\" sizes=\"auto, (max-width: 596px) 100vw, 596px\" \/>\n                            <div class=\"h-image__frame h-hide-lg h-hide-md h-hide-sm style-1526-frameImage style-local-1635-c27-frameImage\"><\/div>\n                          <\/div>\n                        <\/div>\n                      <\/div>\n                    <\/div>\n                  <\/div>\n                  <div id=\"lounas-ma-to\" skip-smooth-scroll=\"true\" skip-scroll-spy=\"true\" data-colibri-id=\"1635-c10\" class=\"h-tabs-item-content h-tabs-item h-tabs-content-horizontal h-tabs-content-1635-c10 style-1345 style-local-1635-c10 position-relative h-element hide\">\n                    <!---->\n                    <div class=\"w-100 h-y-container\">\n                      <!---->\n                      <div data-colibri-id=\"1635-c11\" class=\"h-text h-text-component style-1371 style-local-1635-c11 position-relative h-element\">\n                        <!---->\n                        <!---->\n                        <div class=\"\">\n                          <p><span style=\"color: rgb(0, 0, 0);\">Kysy henkil\u00f6kunnaltamme tietoa allergeeneista<\/span><\/p>\n                        <\/div>\n                      <\/div>\n                      <div data-colibri-id=\"1635-c12\" class=\"d-block style-1351 style-local-1635-c12 position-relative h-element\">\n                        <!---->\n                        <div class=\"h-image__frame-container-outer\">\n                          <div class=\"h-image__frame-container\">\n                            <!---->\n                            <!---->\n                            <img loading=\"lazy\" decoding=\"async\" width=\"595\" height=\"842\" src=\"https:\/\/peppersack.ee\/fi\/wp-content\/uploads\/2025\/09\/Lounamenu_A4_rus_fin_sept25_v3.png\" class=\"wp-image-4877 style-1351-image style-local-1635-c12-image\" alt=\"\" srcset=\"https:\/\/peppersack.ee\/fi\/wp-content\/uploads\/2025\/09\/Lounamenu_A4_rus_fin_sept25_v3.png 595w, https:\/\/peppersack.ee\/fi\/wp-content\/uploads\/2025\/09\/Lounamenu_A4_rus_fin_sept25_v3-212x300.png 212w\" sizes=\"auto, (max-width: 595px) 100vw, 595px\" \/>\n                            <div class=\"h-image__frame h-hide-lg h-hide-md h-hide-sm style-1351-frameImage style-local-1635-c12-frameImage\"><\/div>\n                          <\/div>\n                        <\/div>\n                      <\/div>\n                    <\/div>\n                  <\/div>\n                <\/div>\n              <\/div>\n            <\/div>\n          <\/div>\n        <\/div>\n      <\/div>\n    <\/div>\n  <\/div>\n<\/div>","protected":false},"excerpt":{"rendered":"<p>Ravintola: Ma-To 17:00-23:00, Pe-Su 12:00-23:00 +372 646 6996 Kahvila: Ma-Pe 09:00-17:00, La-Su 10:00-18:00 +372 646 6995 A la Carte juomia Lounas (Ma-To) Kysy henkil\u00f6kunnaltamme tietoa allergeeneista Kysy henkil\u00f6kunnaltamme tietoa allergeeneista Kysy henkil\u00f6kunnaltamme tietoa allergeeneista<\/p>\n","protected":false},"author":1,"featured_media":0,"parent":0,"menu_order":0,"comment_status":"closed","ping_status":"closed","template":"page-templates\/full-width-page.php","meta":{"footnotes":""},"class_list":["post-1635","page","type-page","status-publish","hentry"],"_links":{"self":[{"href":"https:\/\/peppersack.ee\/fi\/wp-json\/wp\/v2\/pages\/1635","targetHints":{"allow":["GET"]}}],"collection":[{"href":"https:\/\/peppersack.ee\/fi\/wp-json\/wp\/v2\/pages"}],"about":[{"href":"https:\/\/peppersack.ee\/fi\/wp-json\/wp\/v2\/types\/page"}],"author":[{"embeddable":true,"href":"https:\/\/peppersack.ee\/fi\/wp-json\/wp\/v2\/users\/1"}],"replies":[{"embeddable":true,"href":"https:\/\/peppersack.ee\/fi\/wp-json\/wp\/v2\/comments?post=1635"}],"version-history":[{"count":20,"href":"https:\/\/peppersack.ee\/fi\/wp-json\/wp\/v2\/pages\/1635\/revisions"}],"predecessor-version":[{"id":5038,"href":"https:\/\/peppersack.ee\/fi\/wp-json\/wp\/v2\/pages\/1635\/revisions\/5038"}],"wp:attachment":[{"href":"https:\/\/peppersack.ee\/fi\/wp-json\/wp\/v2\/media?parent=1635"}],"curies":[{"name":"wp","href":"https:\/\/api.w.org\/{rel}","templated":true}]}}